{"id":84,"date":"2021-12-02T10:59:34","date_gmt":"2021-12-02T10:59:34","guid":{"rendered":"https:\/\/www.zlatirez.si\/wp\/?page_id=84"},"modified":"2021-12-09T17:13:26","modified_gmt":"2021-12-09T17:13:26","slug":"poslovno-nacrtovanje","status":"publish","type":"page","link":"https:\/\/www.zlatirez.si\/?page_id=84","title":{"rendered":"Poslovno na\u010drtovanje"},"content":{"rendered":"\t\t<div data-elementor-type=\"wp-page\" data-elementor-id=\"84\" class=\"elementor elementor-84\" data-elementor-settings=\"[]\">\n\t\t\t\t\t\t\t<div class=\"elementor-section-wrap\">\n\t\t\t\t\t\t\t<section class=\"elementor-section elementor-top-section elementor-element elementor-element-01a5cd6 elementor-section-boxed elementor-section-height-default elementor-section-height-default\" data-id=\"01a5cd6\" data-element_type=\"section\">\n\t\t\t\t\t\t<div class=\"elementor-container elementor-column-gap-default\">\n\t\t\t\t\t<div class=\"elementor-column elementor-col-100 elementor-top-column elementor-element elementor-element-25da51f\" data-id=\"25da51f\" data-element_type=\"column\">\n\t\t\t<div class=\"elementor-widget-wrap elementor-element-populated\">\n\t\t\t\t\t\t\t\t<div class=\"elementor-element elementor-element-a584388 elementor-widget elementor-widget-heading\" data-id=\"a584388\" data-element_type=\"widget\" data-widget_type=\"heading.default\">\n\t\t\t\t<div class=\"elementor-widget-container\">\n\t\t\t<h2 class=\"elementor-heading-title elementor-size-default\">Kaj je poslovni na\u010drt?<\/h2>\t\t<\/div>\n\t\t\t\t<\/div>\n\t\t\t\t<div class=\"elementor-element elementor-element-100fa1e elementor-widget elementor-widget-heading\" data-id=\"100fa1e\" data-element_type=\"widget\" data-widget_type=\"heading.default\">\n\t\t\t\t<div class=\"elementor-widget-container\">\n\t\t\t<h2 class=\"elementor-heading-title elementor-size-default\">Poslovni na\u010drt je osnovni dokument vsake podjetni\u0161ke pobude. Slu\u017ei na\u010drtovanju in kontroli uresni\u010devanja poslovne zamisli, raz\u0161iritve osnovne dejavnosti, vstopa na nove (geografske, izdel\u010dne) trge oziroma tr\u017ene segmente ali kak\u0161ne druge dolgoro\u010dne aktivnosti. V njem so eksplicitno izra\u017eeni poslovni cilji. Poslovni na\u010drt omogo\u010da spremljanje uresni\u010devanja zastavljenih ciljev in s tem zmanj\u0161uje poslovna tveganja podjetnika in pove\u010duje izkori\u0161\u010danje poslovnih prilo\u017enosti.\n<div><br><\/div><\/h2>\t\t<\/div>\n\t\t\t\t<\/div>\n\t\t\t\t<div class=\"elementor-element elementor-element-d5428f0 elementor-widget elementor-widget-heading\" data-id=\"d5428f0\" data-element_type=\"widget\" data-widget_type=\"heading.default\">\n\t\t\t\t<div class=\"elementor-widget-container\">\n\t\t\t<h2 class=\"elementor-heading-title elementor-size-default\">Kaj zajema na\u0161a ponudba?<\/h2>\t\t<\/div>\n\t\t\t\t<\/div>\n\t\t\t\t<div class=\"elementor-element elementor-element-b7dddbf elementor-widget elementor-widget-heading\" data-id=\"b7dddbf\" data-element_type=\"widget\" data-widget_type=\"heading.default\">\n\t\t\t\t<div class=\"elementor-widget-container\">\n\t\t\t<h2 class=\"elementor-heading-title elementor-size-default\">V podjetju Zlati rez Vam bomo pomagali opredeliti vsa poglavja, potrebna za dokazovanje zna\u010dilnosti dobre poslovne ideje. Skupaj bomo namre\u010d pregledali potrebna sredstva za uresni\u010devanje poslovne ideje in na\u010dine, ki so primerni za vstop na trg, ob upo\u0161tevanju omejitev, s katerimi se naro\u010dnik soo\u010da. Preu\u010dili bomo tudi primerne vire financiranja poslovne ideje in mo\u017ene vire financiranja, ki so na voljo na finan\u010dnih trgih.\n<\/h2>\t\t<\/div>\n\t\t\t\t<\/div>\n\t\t\t\t\t<\/div>\n\t\t<\/div>\n\t\t\t\t\t\t\t<\/div>\n\t\t<\/section>\n\t\t\t\t<section class=\"elementor-section elementor-top-section elementor-element elementor-element-8d8bf87 elementor-section-boxed elementor-section-height-default elementor-section-height-default\" data-id=\"8d8bf87\" data-element_type=\"section\">\n\t\t\t\t\t\t<div class=\"elementor-container elementor-column-gap-default\">\n\t\t\t\t\t<div class=\"elementor-column elementor-col-100 elementor-top-column elementor-element elementor-element-3b0bfba\" data-id=\"3b0bfba\" data-element_type=\"column\">\n\t\t\t<div class=\"elementor-widget-wrap elementor-element-populated\">\n\t\t\t\t\t\t\t\t<div class=\"elementor-element elementor-element-a460566 elementor-widget elementor-widget-heading\" data-id=\"a460566\" data-element_type=\"widget\" data-widget_type=\"heading.default\">\n\t\t\t\t<div class=\"elementor-widget-container\">\n\t\t\t<h2 class=\"elementor-heading-title elementor-size-default\">Povzetek<br>\n1 Izodi\u0161\u010de<br>\n1.1 Opis zamisli (izdelka)<br>\n1.2 Korist za kupca<br>\n2 Potrebe kupca in tr\u017eni potencial<br>\n2.1 Potrebe kupca<br>\n2.2 Segmentiranje trga (dolo\u010ditev skupin uporabnikov)<br>\n2.3 Tr\u017eni potencial<br>\n3 Analiza okolja<br>\n3.1 Politi\u010dni vplivi<br>\n3.2 Vplivi okolja<br>\n3.3 Socialni vplivi<br>\n3.4 Tehnolo\u0161ki vplivi<br>\n4 Pano\u017ena struktura (analiza petih sil)<br>\n4.1 Analiza obstoje\u010de konkurence<br>\n4.2 Potencialni novi konkurenti<br>\n4.3 Gro\u017enja nadomestka<br>\n4.4 Pogajalska mo\u010d kupcev<br>\n4.5 Pogajalska mo\u010d dobaviteljev<br>\n5 SWOT analiza<br>\n6 Konkuren\u010dni polo\u017eaj<br>\n6.1 Strate\u0161ke pozicija uspeha<br>\n6.2 Klju\u010dne prednosti<br>\n7 Strate\u0161ke mo\u017enosti<br>\n7.1 Osnovna stretegija<br>\n7.2 Definicija novih poslovnih podro\u010dij<br>\n7.3 Na\u010drt poteka in mejniki<br>\n7.4 Izhodna strategija<br>\n8 Tr\u017eni splet<br>\n8.1 Produkt<br>\n8.2 Cena<br>\n8.3 Kanal, distribucija<br>\n8.4 Promocija<br>\n8.5 Storitve in servis<br>\n9 Izvedba<br>\n9.1 Tehni\u010dna izvedba<br>\n9.2 Infrastruktura<br>\n9.3 Procesi<br>\n9.4 Zaposelni<br>\n9.5 Organizacija in vodenje<br>\n9.6 Varnost<br>\n9.7 Okolje<br>\n9.8 Pravni vidiki<br>\n9.9 Izvedba<br>\n10 Finan\u010dna analiza<br>\n10.1 Izkaz uspeha<br>\n10.2 Ekonomski izkaz<br>\n10.3 Analiza to\u010dke preloma<br>\n10.4 Obseg tveganja in na\u010din pokrivanja tveganja<br><\/h2>\t\t<\/div>\n\t\t\t\t<\/div>\n\t\t\t\t\t<\/div>\n\t\t<\/div>\n\t\t\t\t\t\t\t<\/div>\n\t\t<\/section>\n\t\t\t\t\t\t<\/div>\n\t\t\t\t\t<\/div>\n\t\t","protected":false},"excerpt":{"rendered":"<p>Kaj je poslovni na\u010drt? Poslovni na\u010drt je osnovni dokument vsake podjetni\u0161ke pobude. Slu\u017ei na\u010drtovanju in kontroli uresni\u010devanja poslovne zamisli, raz\u0161iritve osnovne dejavnosti, vstopa na nove (geografske, izdel\u010dne) trge oziroma tr\u017ene segmente ali kak\u0161ne druge dolgoro\u010dne aktivnosti. V njem so eksplicitno izra\u017eeni poslovni cilji. Poslovni na\u010drt omogo\u010da spremljanje uresni\u010devanja zastavljenih ciljev in s tem zmanj\u0161uje poslovna [&hellip;]<\/p>\n","protected":false},"author":1,"featured_media":0,"parent":0,"menu_order":0,"comment_status":"closed","ping_status":"closed","template":"elementor_header_footer","meta":{"footnotes":""},"class_list":["post-84","page","type-page","status-publish","hentry","entry"],"_links":{"self":[{"href":"https:\/\/www.zlatirez.si\/index.php?rest_route=\/wp\/v2\/pages\/84","targetHints":{"allow":["GET"]}}],"collection":[{"href":"https:\/\/www.zlatirez.si\/index.php?rest_route=\/wp\/v2\/pages"}],"about":[{"href":"https:\/\/www.zlatirez.si\/index.php?rest_route=\/wp\/v2\/types\/page"}],"author":[{"embeddable":true,"href":"https:\/\/www.zlatirez.si\/index.php?rest_route=\/wp\/v2\/users\/1"}],"replies":[{"embeddable":true,"href":"https:\/\/www.zlatirez.si\/index.php?rest_route=%2Fwp%2Fv2%2Fcomments&post=84"}],"version-history":[{"count":7,"href":"https:\/\/www.zlatirez.si\/index.php?rest_route=\/wp\/v2\/pages\/84\/revisions"}],"predecessor-version":[{"id":219,"href":"https:\/\/www.zlatirez.si\/index.php?rest_route=\/wp\/v2\/pages\/84\/revisions\/219"}],"wp:attachment":[{"href":"https:\/\/www.zlatirez.si\/index.php?rest_route=%2Fwp%2Fv2%2Fmedia&parent=84"}],"curies":[{"name":"wp","href":"https:\/\/api.w.org\/{rel}","templated":true}]}}