{"id":82,"date":"2021-12-02T10:59:34","date_gmt":"2021-12-02T10:59:34","guid":{"rendered":"https:\/\/www.zlatirez.si\/wp\/?page_id=82"},"modified":"2021-12-09T15:36:18","modified_gmt":"2021-12-09T15:36:18","slug":"poslovno-modeliranje","status":"publish","type":"page","link":"https:\/\/www.zlatirez.si\/?page_id=82","title":{"rendered":"Poslovno modeliranje"},"content":{"rendered":"\t\t<div data-elementor-type=\"wp-page\" data-elementor-id=\"82\" class=\"elementor elementor-82\" data-elementor-settings=\"[]\">\n\t\t\t\t\t\t\t<div class=\"elementor-section-wrap\">\n\t\t\t\t\t\t\t<section class=\"elementor-section elementor-top-section elementor-element elementor-element-0fc26f6 elementor-section-boxed elementor-section-height-default elementor-section-height-default\" data-id=\"0fc26f6\" data-element_type=\"section\">\n\t\t\t\t\t\t<div class=\"elementor-container elementor-column-gap-default\">\n\t\t\t\t\t<div class=\"elementor-column elementor-col-100 elementor-top-column elementor-element elementor-element-cfc52cf\" data-id=\"cfc52cf\" data-element_type=\"column\">\n\t\t\t<div class=\"elementor-widget-wrap elementor-element-populated\">\n\t\t\t\t\t\t\t\t<div class=\"elementor-element elementor-element-14bcb44 elementor-widget elementor-widget-heading\" data-id=\"14bcb44\" data-element_type=\"widget\" data-widget_type=\"heading.default\">\n\t\t\t\t<div class=\"elementor-widget-container\">\n\t\t\t<h2 class=\"elementor-heading-title elementor-size-default\">Zakaj je poslovni model pravzaprav tako pomemben?<\/h2>\t\t<\/div>\n\t\t\t\t<\/div>\n\t\t\t\t\t<\/div>\n\t\t<\/div>\n\t\t\t\t\t\t\t<\/div>\n\t\t<\/section>\n\t\t\t\t<section class=\"elementor-section elementor-top-section elementor-element elementor-element-7a673f3 elementor-section-boxed elementor-section-height-default elementor-section-height-default\" data-id=\"7a673f3\" data-element_type=\"section\">\n\t\t\t\t\t\t<div class=\"elementor-container elementor-column-gap-default\">\n\t\t\t\t\t<div class=\"elementor-column elementor-col-50 elementor-top-column elementor-element elementor-element-4eb541c\" data-id=\"4eb541c\" data-element_type=\"column\">\n\t\t\t<div class=\"elementor-widget-wrap elementor-element-populated\">\n\t\t\t\t\t\t\t\t<div class=\"elementor-element elementor-element-8c44d3d elementor-widget elementor-widget-heading\" data-id=\"8c44d3d\" data-element_type=\"widget\" data-widget_type=\"heading.default\">\n\t\t\t\t<div class=\"elementor-widget-container\">\n\t\t\t<h2 class=\"elementor-heading-title elementor-size-default\">1<\/h2>\t\t<\/div>\n\t\t\t\t<\/div>\n\t\t\t\t\t<\/div>\n\t\t<\/div>\n\t\t\t\t<div class=\"elementor-column elementor-col-50 elementor-top-column elementor-element elementor-element-d925a8f\" data-id=\"d925a8f\" data-element_type=\"column\">\n\t\t\t<div class=\"elementor-widget-wrap elementor-element-populated\">\n\t\t\t\t\t\t\t\t<div class=\"elementor-element elementor-element-5dcb0e8 elementor-widget elementor-widget-heading\" data-id=\"5dcb0e8\" data-element_type=\"widget\" data-widget_type=\"heading.default\">\n\t\t\t\t<div class=\"elementor-widget-container\">\n\t\t\t<h2 class=\"elementor-heading-title elementor-size-default\">Vzpostavlja logi\u010dno vzro\u010dno-posledi\u010dno povezavo razli\u010dnih elementov, kot so tehnologija, poslovni procesi\/funkcije podjetja in finan\u010dni instrumenti na ENEM MESTU, predstavljajo torej skupek vseh potrebnih elementov, ki morajo biti prisotni pri vzpostavitvi dobre podlage za predstavitev delovanja celotnega podjetja ter njegovih posameznih operacij. U\u010dinkovito delovanje podjetja zahteva konkretno ZASTAVLJEN ter logi\u010dno PREDSTAVLJEN poslovni model, ki v teoreti\u010dni fazi poslovanja deluje brez te\u017eav. Le tako je mo\u017een prenos poslovnega modela v prakso, kjer pa prinesejo posledice slabo izdelanega poslovnega modela ob\u010dutljive rezultate, ki lahko negativno vplivajo na poslovni rezultat ali celo ogrozijo kontinuiteto poslovanja podjetja. <\/h2>\t\t<\/div>\n\t\t\t\t<\/div>\n\t\t\t\t\t<\/div>\n\t\t<\/div>\n\t\t\t\t\t\t\t<\/div>\n\t\t<\/section>\n\t\t\t\t<section class=\"elementor-section elementor-top-section elementor-element elementor-element-d4be9f4 elementor-section-boxed elementor-section-height-default elementor-section-height-default\" data-id=\"d4be9f4\" data-element_type=\"section\">\n\t\t\t\t\t\t<div class=\"elementor-container elementor-column-gap-default\">\n\t\t\t\t\t<div class=\"elementor-column elementor-col-50 elementor-top-column elementor-element elementor-element-b18b8ba\" data-id=\"b18b8ba\" data-element_type=\"column\">\n\t\t\t<div class=\"elementor-widget-wrap elementor-element-populated\">\n\t\t\t\t\t\t\t\t<div class=\"elementor-element elementor-element-7c00f78 elementor-view-default elementor-widget elementor-widget-icon\" data-id=\"7c00f78\" data-element_type=\"widget\" data-widget_type=\"icon.default\">\n\t\t\t\t<div class=\"elementor-widget-container\">\n\t\t\t\t\t<div class=\"elementor-icon-wrapper\">\n\t\t\t<div class=\"elementor-icon\">\n\t\t\t<i aria-hidden=\"true\" class=\"icon icon-warning\"><\/i>\t\t\t<\/div>\n\t\t<\/div>\n\t\t\t\t<\/div>\n\t\t\t\t<\/div>\n\t\t\t\t\t<\/div>\n\t\t<\/div>\n\t\t\t\t<div class=\"elementor-column elementor-col-50 elementor-top-column elementor-element elementor-element-83a9e73\" data-id=\"83a9e73\" data-element_type=\"column\">\n\t\t\t<div class=\"elementor-widget-wrap elementor-element-populated\">\n\t\t\t\t\t\t\t\t<div class=\"elementor-element elementor-element-d04daa3 elementor-widget elementor-widget-heading\" data-id=\"d04daa3\" data-element_type=\"widget\" data-widget_type=\"heading.default\">\n\t\t\t\t<div class=\"elementor-widget-container\">\n\t\t\t<h2 class=\"elementor-heading-title elementor-size-default\">\"Ve\u010dina podjetij ne propade zaradi pomanjkanja kvalitetnih produktov, propadejo zaradi pomanjkanja strank ter slabo izdelanega poslovnega modela\"<\/h2>\t\t<\/div>\n\t\t\t\t<\/div>\n\t\t\t\t\t<\/div>\n\t\t<\/div>\n\t\t\t\t\t\t\t<\/div>\n\t\t<\/section>\n\t\t\t\t<section class=\"elementor-section elementor-top-section elementor-element elementor-element-c18cc4d elementor-section-boxed elementor-section-height-default elementor-section-height-default\" data-id=\"c18cc4d\" data-element_type=\"section\">\n\t\t\t\t\t\t<div class=\"elementor-container elementor-column-gap-default\">\n\t\t\t\t\t<div class=\"elementor-column elementor-col-50 elementor-top-column elementor-element elementor-element-32cc8d4\" data-id=\"32cc8d4\" data-element_type=\"column\">\n\t\t\t<div class=\"elementor-widget-wrap elementor-element-populated\">\n\t\t\t\t\t\t\t\t<div class=\"elementor-element elementor-element-8e0df0f elementor-widget elementor-widget-heading\" data-id=\"8e0df0f\" data-element_type=\"widget\" data-widget_type=\"heading.default\">\n\t\t\t\t<div class=\"elementor-widget-container\">\n\t\t\t<h2 class=\"elementor-heading-title elementor-size-default\">2<\/h2>\t\t<\/div>\n\t\t\t\t<\/div>\n\t\t\t\t\t<\/div>\n\t\t<\/div>\n\t\t\t\t<div class=\"elementor-column elementor-col-50 elementor-top-column elementor-element elementor-element-74adb79\" data-id=\"74adb79\" data-element_type=\"column\">\n\t\t\t<div class=\"elementor-widget-wrap elementor-element-populated\">\n\t\t\t\t\t\t\t\t<div class=\"elementor-element elementor-element-7b82584 elementor-widget elementor-widget-heading\" data-id=\"7b82584\" data-element_type=\"widget\" data-widget_type=\"heading.default\">\n\t\t\t\t<div class=\"elementor-widget-container\">\n\t\t\t<h2 class=\"elementor-heading-title elementor-size-default\">Je primer \u017eivega orodja: Nasprotje \u00bbtake-it-or-leave-it\u00ab dokumentom oziroma poslovnim na\u010drtom<\/h2>\t\t<\/div>\n\t\t\t\t<\/div>\n\t\t\t\t\t<\/div>\n\t\t<\/div>\n\t\t\t\t\t\t\t<\/div>\n\t\t<\/section>\n\t\t\t\t<section class=\"elementor-section elementor-top-section elementor-element elementor-element-ac73384 elementor-section-boxed elementor-section-height-default elementor-section-height-default\" data-id=\"ac73384\" data-element_type=\"section\">\n\t\t\t\t\t\t<div class=\"elementor-container elementor-column-gap-default\">\n\t\t\t\t\t<div class=\"elementor-column elementor-col-50 elementor-top-column elementor-element elementor-element-e115d9a\" data-id=\"e115d9a\" data-element_type=\"column\">\n\t\t\t<div class=\"elementor-widget-wrap elementor-element-populated\">\n\t\t\t\t\t\t\t\t<div class=\"elementor-element elementor-element-d4c2793 elementor-widget elementor-widget-heading\" data-id=\"d4c2793\" data-element_type=\"widget\" data-widget_type=\"heading.default\">\n\t\t\t\t<div class=\"elementor-widget-container\">\n\t\t\t<h2 class=\"elementor-heading-title elementor-size-default\">3<\/h2>\t\t<\/div>\n\t\t\t\t<\/div>\n\t\t\t\t\t<\/div>\n\t\t<\/div>\n\t\t\t\t<div class=\"elementor-column elementor-col-50 elementor-top-column elementor-element elementor-element-ee861db\" data-id=\"ee861db\" data-element_type=\"column\">\n\t\t\t<div class=\"elementor-widget-wrap elementor-element-populated\">\n\t\t\t\t\t\t\t\t<div class=\"elementor-element elementor-element-74fc049 elementor-widget elementor-widget-heading\" data-id=\"74fc049\" data-element_type=\"widget\" data-widget_type=\"heading.default\">\n\t\t\t\t<div class=\"elementor-widget-container\">\n\t\t\t<h2 class=\"elementor-heading-title elementor-size-default\">Je orodje za spremljanje strate\u0161kih ciljev in osredoto\u010danje managementa na najpomembnej\u0161e stvar<\/h2>\t\t<\/div>\n\t\t\t\t<\/div>\n\t\t\t\t\t<\/div>\n\t\t<\/div>\n\t\t\t\t\t\t\t<\/div>\n\t\t<\/section>\n\t\t\t\t<section class=\"elementor-section elementor-top-section elementor-element elementor-element-6278278 elementor-section-boxed elementor-section-height-default elementor-section-height-default\" data-id=\"6278278\" data-element_type=\"section\">\n\t\t\t\t\t\t<div class=\"elementor-container elementor-column-gap-default\">\n\t\t\t\t\t<div class=\"elementor-column elementor-col-50 elementor-top-column elementor-element elementor-element-7795958\" data-id=\"7795958\" data-element_type=\"column\">\n\t\t\t<div class=\"elementor-widget-wrap elementor-element-populated\">\n\t\t\t\t\t\t\t\t<div class=\"elementor-element elementor-element-bcbb6b5 elementor-widget elementor-widget-heading\" data-id=\"bcbb6b5\" data-element_type=\"widget\" data-widget_type=\"heading.default\">\n\t\t\t\t<div class=\"elementor-widget-container\">\n\t\t\t<h2 class=\"elementor-heading-title elementor-size-default\">4<\/h2>\t\t<\/div>\n\t\t\t\t<\/div>\n\t\t\t\t\t<\/div>\n\t\t<\/div>\n\t\t\t\t<div class=\"elementor-column elementor-col-50 elementor-top-column elementor-element elementor-element-e8cdda4\" data-id=\"e8cdda4\" data-element_type=\"column\">\n\t\t\t<div class=\"elementor-widget-wrap elementor-element-populated\">\n\t\t\t\t\t\t\t\t<div class=\"elementor-element elementor-element-b23b37c elementor-widget elementor-widget-heading\" data-id=\"b23b37c\" data-element_type=\"widget\" data-widget_type=\"heading.default\">\n\t\t\t\t<div class=\"elementor-widget-container\">\n\t\t\t<h2 class=\"elementor-heading-title elementor-size-default\">Analiza tveganja, ob\u010dutljivostna analiza: Kajti v realnem \u017eivljenju ni ni\u010d ve\u010d tako, kot smo si na za\u010detku predstavljali<\/h2>\t\t<\/div>\n\t\t\t\t<\/div>\n\t\t\t\t\t<\/div>\n\t\t<\/div>\n\t\t\t\t\t\t\t<\/div>\n\t\t<\/section>\n\t\t\t\t<section class=\"elementor-section elementor-top-section elementor-element elementor-element-e07ef09 elementor-section-boxed elementor-section-height-default elementor-section-height-default\" data-id=\"e07ef09\" data-element_type=\"section\">\n\t\t\t\t\t\t<div class=\"elementor-container elementor-column-gap-default\">\n\t\t\t\t\t<div class=\"elementor-column elementor-col-100 elementor-top-column elementor-element elementor-element-7c78d73\" data-id=\"7c78d73\" data-element_type=\"column\">\n\t\t\t<div class=\"elementor-widget-wrap elementor-element-populated\">\n\t\t\t\t\t\t\t\t<div class=\"elementor-element elementor-element-bef3a8f elementor-widget elementor-widget-heading\" data-id=\"bef3a8f\" data-element_type=\"widget\" data-widget_type=\"heading.default\">\n\t\t\t\t<div class=\"elementor-widget-container\">\n\t\t\t<h2 class=\"elementor-heading-title elementor-size-default\">Kak\u0161ne so mo\u017enosti uporabe poslovnega modeliranja?<\/h2>\t\t<\/div>\n\t\t\t\t<\/div>\n\t\t\t\t<div class=\"elementor-element elementor-element-6017b59 elementor-widget elementor-widget-heading\" data-id=\"6017b59\" data-element_type=\"widget\" data-widget_type=\"heading.default\">\n\t\t\t\t<div class=\"elementor-widget-container\">\n\t\t\t<h2 class=\"elementor-heading-title elementor-size-default\">Preverjanje prodajnih potencialov oziroma potencialov trga, vendar \u00bbv slu\u017ebi\u00ab razumevanja donosnosti, rentabilnosti, dobi\u010dka, dodane vrednosti<br>Predlog vrednosti: razumevanje obsega in virov poslovnih koristi, pravilno osredoto\u010danje resursov, argumentiranje (zunaj in znotraj podjetja) ponudbe\nRinan\u010dno razumevanje pogajalskih izhodi\u0161\u010d: modeliranje trade-off med sedanjostjo in prihodnostjo, strate\u0161ko in takti\u010dno vrednostjo, kratkoro\u010dno in dolgoro\u010dno pomembnostjo<br>Pospe\u0161evanje prodaje(celovito razumevanje tehnologije v slu\u017ebi posla, mo\u017enost zagovarjanja \u00bbYour Profit, Our Goal\u00ab, instrument za pogovare s managementom in finan\u010dniki v ciljnem podjetju, add-on (pogosto) suhoparnim predstavitvami tehnologije in produktov...)<br>Radome\u0161\u010danje (dolgotrajnih) tr\u017eenjskih analiz takrat, ko potrebujemo hitre odlo\u010ditve<br>Razumevanje mo\u017enosti razvoja konkuren\u010dnih podjetij...<\/h2>\t\t<\/div>\n\t\t\t\t<\/div>\n\t\t\t\t\t<\/div>\n\t\t<\/div>\n\t\t\t\t\t\t\t<\/div>\n\t\t<\/section>\n\t\t\t\t\t\t<\/div>\n\t\t\t\t\t<\/div>\n\t\t","protected":false},"excerpt":{"rendered":"<p>Zakaj je poslovni model pravzaprav tako pomemben? 1 Vzpostavlja logi\u010dno vzro\u010dno-posledi\u010dno povezavo razli\u010dnih elementov, kot so tehnologija, poslovni procesi\/funkcije podjetja in finan\u010dni instrumenti na ENEM MESTU, predstavljajo torej skupek vseh potrebnih elementov, ki morajo biti prisotni pri vzpostavitvi dobre podlage za predstavitev delovanja celotnega podjetja ter njegovih posameznih operacij. U\u010dinkovito delovanje podjetja zahteva konkretno ZASTAVLJEN [&hellip;]<\/p>\n","protected":false},"author":1,"featured_media":0,"parent":0,"menu_order":0,"comment_status":"closed","ping_status":"closed","template":"elementor_header_footer","meta":{"footnotes":""},"class_list":["post-82","page","type-page","status-publish","hentry","entry"],"_links":{"self":[{"href":"https:\/\/www.zlatirez.si\/index.php?rest_route=\/wp\/v2\/pages\/82","targetHints":{"allow":["GET"]}}],"collection":[{"href":"https:\/\/www.zlatirez.si\/index.php?rest_route=\/wp\/v2\/pages"}],"about":[{"href":"https:\/\/www.zlatirez.si\/index.php?rest_route=\/wp\/v2\/types\/page"}],"author":[{"embeddable":true,"href":"https:\/\/www.zlatirez.si\/index.php?rest_route=\/wp\/v2\/users\/1"}],"replies":[{"embeddable":true,"href":"https:\/\/www.zlatirez.si\/index.php?rest_route=%2Fwp%2Fv2%2Fcomments&post=82"}],"version-history":[{"count":14,"href":"https:\/\/www.zlatirez.si\/index.php?rest_route=\/wp\/v2\/pages\/82\/revisions"}],"predecessor-version":[{"id":212,"href":"https:\/\/www.zlatirez.si\/index.php?rest_route=\/wp\/v2\/pages\/82\/revisions\/212"}],"wp:attachment":[{"href":"https:\/\/www.zlatirez.si\/index.php?rest_route=%2Fwp%2Fv2%2Fmedia&parent=82"}],"curies":[{"name":"wp","href":"https:\/\/api.w.org\/{rel}","templated":true}]}}