{"id":80,"date":"2021-12-02T10:59:34","date_gmt":"2021-12-02T10:59:34","guid":{"rendered":"https:\/\/www.zlatirez.si\/wp\/?page_id=80"},"modified":"2021-12-09T17:22:50","modified_gmt":"2021-12-09T17:22:50","slug":"nacrtovanje-nalozb","status":"publish","type":"page","link":"https:\/\/www.zlatirez.si\/?page_id=80","title":{"rendered":"Na\u010drtovanje nalo\u017eb"},"content":{"rendered":"\t\t<div data-elementor-type=\"wp-page\" data-elementor-id=\"80\" class=\"elementor elementor-80\" data-elementor-settings=\"[]\">\n\t\t\t\t\t\t\t<div class=\"elementor-section-wrap\">\n\t\t\t\t\t\t\t<section class=\"elementor-section elementor-top-section elementor-element elementor-element-91a80de elementor-section-boxed elementor-section-height-default elementor-section-height-default\" data-id=\"91a80de\" data-element_type=\"section\">\n\t\t\t\t\t\t<div class=\"elementor-container elementor-column-gap-default\">\n\t\t\t\t\t<div class=\"elementor-column elementor-col-100 elementor-top-column elementor-element elementor-element-de8a7de\" data-id=\"de8a7de\" data-element_type=\"column\">\n\t\t\t<div class=\"elementor-widget-wrap elementor-element-populated\">\n\t\t\t\t\t\t\t\t<div class=\"elementor-element elementor-element-2df08e5 elementor-widget elementor-widget-heading\" data-id=\"2df08e5\" data-element_type=\"widget\" data-widget_type=\"heading.default\">\n\t\t\t\t<div class=\"elementor-widget-container\">\n\t\t\t<h2 class=\"elementor-heading-title elementor-size-default\">Zakaj za na\u010drtovanje nalo\u017eb izbrati ZlatiRez?<\/h2>\t\t<\/div>\n\t\t\t\t<\/div>\n\t\t\t\t<div class=\"elementor-element elementor-element-a1ca3cc elementor-widget elementor-widget-heading\" data-id=\"a1ca3cc\" data-element_type=\"widget\" data-widget_type=\"heading.default\">\n\t\t\t\t<div class=\"elementor-widget-container\">\n\t\t\t<h2 class=\"elementor-heading-title elementor-size-default\">Opredelitev poslovne prilo\u017enosti in njeno vrednotenje je vsekakor ena izmed najte\u017ejih nalog. Ve\u010dina dobrih poslovnih prilo\u017enosti se ne pojavi kar nenadoma, temve\u010d so posledica podjetnikove pozornosti na prilo\u017enosti ali (v nekaterih primerih) rezultat vzpostavljenih mehanizmov za opredeljevanje potencialnih prilo\u017enosti. Za izvedbo poslovne prilo\u017enosti podjetje navadno izvede investicijo. Vsaka investicija je tvegana zaradi razli\u010dnih, hitro spreminjajo\u010dih se, v\u010dasih \u0161e nedefiniranih okoli\u0161\u010din. Z uporabo na\u0161ih storitev se za\u0161\u010ditite pred investicijami, ki v prihodnosti ne bodo prinesle poslovnega uspeha. \n<div><br><\/div><\/h2>\t\t<\/div>\n\t\t\t\t<\/div>\n\t\t\t\t\t<\/div>\n\t\t<\/div>\n\t\t\t\t\t\t\t<\/div>\n\t\t<\/section>\n\t\t\t\t<section class=\"elementor-section elementor-top-section elementor-element elementor-element-744cd6d elementor-section-boxed elementor-section-height-default elementor-section-height-default\" data-id=\"744cd6d\" data-element_type=\"section\">\n\t\t\t\t\t\t<div class=\"elementor-container elementor-column-gap-default\">\n\t\t\t\t\t<div class=\"elementor-column elementor-col-100 elementor-top-column elementor-element elementor-element-db9b2df\" data-id=\"db9b2df\" data-element_type=\"column\">\n\t\t\t<div class=\"elementor-widget-wrap elementor-element-populated\">\n\t\t\t\t\t\t\t\t<div class=\"elementor-element elementor-element-c0c53e1 elementor-widget elementor-widget-heading\" data-id=\"c0c53e1\" data-element_type=\"widget\" data-widget_type=\"heading.default\">\n\t\t\t\t<div class=\"elementor-widget-container\">\n\t\t\t<h2 class=\"elementor-heading-title elementor-size-default\">Kaj Vam ZlatiRez ponuja? ZASTARELO<\/h2>\t\t<\/div>\n\t\t\t\t<\/div>\n\t\t\t\t<div class=\"elementor-element elementor-element-cf0a359 elementor-widget elementor-widget-heading\" data-id=\"cf0a359\" data-element_type=\"widget\" data-widget_type=\"heading.default\">\n\t\t\t\t<div class=\"elementor-widget-container\">\n\t\t\t<h2 class=\"elementor-heading-title elementor-size-default\">V podjetju Zlati rez Vam bomo pomagali vsako poslovno idejo, vsako potrebno nalo\u017ebo, temeljito preveriti. Le na ta na\u010din se izognemo potencialnemu neuspehu, oziroma nadzorujemo tveganje. V dana\u0161njem, hito spreminjajo\u010dem se svetu, svetu globalnih prepihov vsakdo, vsaka nalo\u017eba, potrebuje vsaj drugo mnenje. Na\u0161e izku\u0161nje so \u0161e posebno obse\u017ene na podro\u010dju zadnjih tehnolo\u0161kih dose\u017ekov (nalo\u017ebe v vetrne turbine, solarne sistema, RFID sisteme, 3G\/4G telekomunikacijske sisteme, sistema za nudenje aplikacij...).<\/h2>\t\t<\/div>\n\t\t\t\t<\/div>\n\t\t\t\t\t<\/div>\n\t\t<\/div>\n\t\t\t\t\t\t\t<\/div>\n\t\t<\/section>\n\t\t\t\t\t\t<\/div>\n\t\t\t\t\t<\/div>\n\t\t","protected":false},"excerpt":{"rendered":"<p>Zakaj za na\u010drtovanje nalo\u017eb izbrati ZlatiRez? Opredelitev poslovne prilo\u017enosti in njeno vrednotenje je vsekakor ena izmed najte\u017ejih nalog. Ve\u010dina dobrih poslovnih prilo\u017enosti se ne pojavi kar nenadoma, temve\u010d so posledica podjetnikove pozornosti na prilo\u017enosti ali (v nekaterih primerih) rezultat vzpostavljenih mehanizmov za opredeljevanje potencialnih prilo\u017enosti. Za izvedbo poslovne prilo\u017enosti podjetje navadno izvede investicijo. Vsaka investicija [&hellip;]<\/p>\n","protected":false},"author":1,"featured_media":0,"parent":0,"menu_order":0,"comment_status":"closed","ping_status":"closed","template":"elementor_header_footer","meta":{"footnotes":""},"class_list":["post-80","page","type-page","status-publish","hentry","entry"],"_links":{"self":[{"href":"https:\/\/www.zlatirez.si\/index.php?rest_route=\/wp\/v2\/pages\/80","targetHints":{"allow":["GET"]}}],"collection":[{"href":"https:\/\/www.zlatirez.si\/index.php?rest_route=\/wp\/v2\/pages"}],"about":[{"href":"https:\/\/www.zlatirez.si\/index.php?rest_route=\/wp\/v2\/types\/page"}],"author":[{"embeddable":true,"href":"https:\/\/www.zlatirez.si\/index.php?rest_route=\/wp\/v2\/users\/1"}],"replies":[{"embeddable":true,"href":"https:\/\/www.zlatirez.si\/index.php?rest_route=%2Fwp%2Fv2%2Fcomments&post=80"}],"version-history":[{"count":8,"href":"https:\/\/www.zlatirez.si\/index.php?rest_route=\/wp\/v2\/pages\/80\/revisions"}],"predecessor-version":[{"id":230,"href":"https:\/\/www.zlatirez.si\/index.php?rest_route=\/wp\/v2\/pages\/80\/revisions\/230"}],"wp:attachment":[{"href":"https:\/\/www.zlatirez.si\/index.php?rest_route=%2Fwp%2Fv2%2Fmedia&parent=80"}],"curies":[{"name":"wp","href":"https:\/\/api.w.org\/{rel}","templated":true}]}}